{"id":7248,"date":"2023-01-25T11:23:32","date_gmt":"2023-01-25T11:23:32","guid":{"rendered":"https:\/\/www.hostalesmenut.com\/politica-general-de-cancelacion-y-depositos\/"},"modified":"2023-02-17T19:12:10","modified_gmt":"2023-02-17T19:12:10","slug":"annulation-depot","status":"publish","type":"page","link":"https:\/\/www.hostalesmenut.com\/fr\/annulation-depot\/","title":{"rendered":"politique g\u00e9n\u00e9rale d&rsquo;annulation et de d\u00e9p\u00f4t"},"content":{"rendered":"","protected":false},"excerpt":{"rendered":"","protected":false},"author":1,"featured_media":0,"parent":0,"menu_order":0,"comment_status":"closed","ping_status":"closed","template":"","meta":{"om_disable_all_campaigns":false,"_monsterinsights_skip_tracking":false,"_monsterinsights_sitenote_active":false,"_monsterinsights_sitenote_note":"","_monsterinsights_sitenote_category":0,"footnotes":""},"class_list":["post-7248","page","type-page","status-publish","hentry"],"aioseo_notices":[],"_links":{"self":[{"href":"https:\/\/www.hostalesmenut.com\/fr\/wp-json\/wp\/v2\/pages\/7248","targetHints":{"allow":["GET"]}}],"collection":[{"href":"https:\/\/www.hostalesmenut.com\/fr\/wp-json\/wp\/v2\/pages"}],"about":[{"href":"https:\/\/www.hostalesmenut.com\/fr\/wp-json\/wp\/v2\/types\/page"}],"author":[{"embeddable":true,"href":"https:\/\/www.hostalesmenut.com\/fr\/wp-json\/wp\/v2\/users\/1"}],"replies":[{"embeddable":true,"href":"https:\/\/www.hostalesmenut.com\/fr\/wp-json\/wp\/v2\/comments?post=7248"}],"version-history":[{"count":2,"href":"https:\/\/www.hostalesmenut.com\/fr\/wp-json\/wp\/v2\/pages\/7248\/revisions"}],"predecessor-version":[{"id":7326,"href":"https:\/\/www.hostalesmenut.com\/fr\/wp-json\/wp\/v2\/pages\/7248\/revisions\/7326"}],"wp:attachment":[{"href":"https:\/\/www.hostalesmenut.com\/fr\/wp-json\/wp\/v2\/media?parent=7248"}],"curies":[{"name":"wp","href":"https:\/\/api.w.org\/{rel}","templated":true}]}}